{"id":132,"date":"2016-12-05T10:29:21","date_gmt":"2016-12-05T10:29:21","guid":{"rendered":"http:\/\/localhost\/buildpro\/?page_id=132"},"modified":"2016-12-05T10:29:21","modified_gmt":"2016-12-05T10:29:21","slug":"projects-4-columns","status":"publish","type":"page","link":"https:\/\/impactomaquinas.com.br\/en\/projects-4-columns\/","title":{"rendered":"Projects"},"content":{"rendered":"<div class=\"wpb-content-wrapper\"><section class=\"vc_rows wpb_row vc_row-fluid vc_custom_1480934186350\"><div class=\"row\"><div class=\"wpb_column vc_column_container vc_col-sm-12\"><div class=\"vc_column-inner\"><div class=\"wpb_wrapper\">\n\t\t<div class=\"container project-filter\">\n\n        <!-- portfolio filter begin -->\n        <div class=\"row\">\n        \t            <div class=\"col-md-12\">\n                <ul id=\"filters\">\n                \t\t\t\t      \t<li><a href=\"#\" data-filter=\".classificadores\">Classifiers \/ Sorting<\/a><\/li>\n\t\t\t    \t\t\t\t      \t<li><a href=\"#\" data-filter=\".desgradeadores\">Lumber Unstacker<\/a><\/li>\n\t\t\t    \t\t\t\t      \t<li><a href=\"#\" data-filter=\".empacotamento\">Packaging<\/a><\/li>\n\t\t\t    \t\t\t\t      \t<li><a href=\"#\" data-filter=\".esteiras\">Mats<\/a><\/li>\n\t\t\t    \t\t\t\t      \t<li><a href=\"#\" data-filter=\".gradeadores\">Stackers<\/a><\/li>\n\t\t\t    \t\t\t\t      \t<li><a href=\"#\" data-filter=\".agro\">M\u00e1quinas Agr\u00edcolas<\/a><\/li>\n\t\t\t    \t\t\t\t      \t<li><a href=\"#\" data-filter=\".serraria\">Sawmills<\/a><\/li>\n\t\t\t    \t                    <li class=\"pull-right\"><a href=\"#\" data-filter=\"*\" class=\"selected\">All Projects<\/a><\/li>\n                <\/ul>\n            <\/div>\n                    <\/div>\n        <!-- portfolio filter close -->\n\n    <\/div>\n    \n\t<div id=\"gallery\" class=\"gallery full-gallery de-gallery pf_full_width pf_4_cols\">\n\n                <div class=\"item agro\">\n            <div class=\"picframe\">\n            \t                <a href=\"https:\/\/impactomaquinas.com.br\/en\/portfolio\/impacttus-20000-12000-e-8000\/\">\n                                    <span class=\"overlay\">\n                        <span class=\"pf_text\">\n                            <span class=\"project-name\">Distribuidor Impacttus 20000, 12000 e 8000<\/span>\n                        <\/span>\n                    <\/span>\n                <\/a>\n                <img decoding=\"async\" src=\"https:\/\/impactomaquinas.com.br\/wp-content\/uploads\/2025\/01\/IMG_20240814_163214462_HDR-scaled.jpg\" alt=\"\" \/>\n            <\/div>\n        <\/div>\n                <div class=\"item serraria\">\n            <div class=\"picframe\">\n            \t                <a href=\"https:\/\/impactomaquinas.com.br\/en\/portfolio\/destopadeira-com-unitizador\/\">\n                                    <span class=\"overlay\">\n                        <span class=\"pf_text\">\n                            <span class=\"project-name\">Trimmer With Unitizer<\/span>\n                        <\/span>\n                    <\/span>\n                <\/a>\n                <img decoding=\"async\" src=\"https:\/\/impactomaquinas.com.br\/wp-content\/uploads\/2021\/02\/Untitled-e1614894847689.png\" alt=\"\" \/>\n            <\/div>\n        <\/div>\n                <div class=\"item esteiras\">\n            <div class=\"picframe\">\n            \t                <a href=\"https:\/\/impactomaquinas.com.br\/en\/portfolio\/esteiras-transporte\/\">\n                                    <span class=\"overlay\">\n                        <span class=\"pf_text\">\n                            <span class=\"project-name\">Chain Conveyor<\/span>\n                        <\/span>\n                    <\/span>\n                <\/a>\n                <img decoding=\"async\" src=\"https:\/\/impactomaquinas.com.br\/wp-content\/uploads\/2021\/02\/ESTEIRA-DE-CORRENTE-3-e1614111704865.png\" alt=\"\" \/>\n            <\/div>\n        <\/div>\n                <div class=\"item esteiras\">\n            <div class=\"picframe\">\n            \t                <a href=\"https:\/\/impactomaquinas.com.br\/en\/portfolio\/esteira-roletada-com-centrador\/\">\n                                    <span class=\"overlay\">\n                        <span class=\"pf_text\">\n                            <span class=\"project-name\">Esteira Roletada com Centrador<\/span>\n                        <\/span>\n                    <\/span>\n                <\/a>\n                <img decoding=\"async\" src=\"https:\/\/impactomaquinas.com.br\/wp-content\/uploads\/2021\/02\/roletada-centrador-3-e1614108855912.png\" alt=\"\" \/>\n            <\/div>\n        <\/div>\n                <div class=\"item empacotamento\">\n            <div class=\"picframe\">\n            \t                <a href=\"https:\/\/impactomaquinas.com.br\/en\/portfolio\/prensa\/\">\n                                    <span class=\"overlay\">\n                        <span class=\"pf_text\">\n                            <span class=\"project-name\">Packer Press<\/span>\n                        <\/span>\n                    <\/span>\n                <\/a>\n                <img decoding=\"async\" src=\"https:\/\/impactomaquinas.com.br\/wp-content\/uploads\/2021\/02\/PRENSA-2-e1614030332656.png\" alt=\"\" \/>\n            <\/div>\n        <\/div>\n                <div class=\"item serraria\">\n            <div class=\"picframe\">\n            \t                <a href=\"https:\/\/impactomaquinas.com.br\/en\/portfolio\/dogueira\/\">\n                                    <span class=\"overlay\">\n                        <span class=\"pf_text\">\n                            <span class=\"project-name\">Dog Ear Angle Cutter \/ Trimmer<\/span>\n                        <\/span>\n                    <\/span>\n                <\/a>\n                <img decoding=\"async\" src=\"https:\/\/impactomaquinas.com.br\/wp-content\/uploads\/2021\/02\/DOGUEIRA-1-e1614020199634.png\" alt=\"\" \/>\n            <\/div>\n        <\/div>\n                <div class=\"item serraria\">\n            <div class=\"picframe\">\n            \t                <a href=\"https:\/\/impactomaquinas.com.br\/en\/portfolio\/destopadeira-continua\/\">\n                                    <span class=\"overlay\">\n                        <span class=\"pf_text\">\n                            <span class=\"project-name\">Continuous Trimmer<\/span>\n                        <\/span>\n                    <\/span>\n                <\/a>\n                <img decoding=\"async\" src=\"https:\/\/impactomaquinas.com.br\/wp-content\/uploads\/2021\/02\/DESTOPADOR-3-e1614019301293.png\" alt=\"\" \/>\n            <\/div>\n        <\/div>\n                <div class=\"item serraria\">\n            <div class=\"picframe\">\n            \t                <a href=\"https:\/\/impactomaquinas.com.br\/en\/portfolio\/separador-serragem\/\">\n                                    <span class=\"overlay\">\n                        <span class=\"pf_text\">\n                            <span class=\"project-name\">Sawdust Separator<\/span>\n                        <\/span>\n                    <\/span>\n                <\/a>\n                <img decoding=\"async\" src=\"https:\/\/impactomaquinas.com.br\/wp-content\/uploads\/2021\/02\/SEPARADOR-DE-SERRAGEM-2-e1614017769369.png\" alt=\"\" \/>\n            <\/div>\n        <\/div>\n                <div class=\"item serraria\">\n            <div class=\"picframe\">\n            \t                <a href=\"https:\/\/impactomaquinas.com.br\/en\/portfolio\/refiladeira\/\">\n                                    <span class=\"overlay\">\n                        <span class=\"pf_text\">\n                            <span class=\"project-name\">Edger<\/span>\n                        <\/span>\n                    <\/span>\n                <\/a>\n                <img decoding=\"async\" src=\"https:\/\/impactomaquinas.com.br\/wp-content\/uploads\/2021\/02\/REFILADEIRA-3-e1614016469317.png\" alt=\"\" \/>\n            <\/div>\n        <\/div>\n                <div class=\"item empacotamento\">\n            <div class=\"picframe\">\n            \t                <a href=\"https:\/\/impactomaquinas.com.br\/en\/portfolio\/empacotador-para-madeiras-secas\/\">\n                                    <span class=\"overlay\">\n                        <span class=\"pf_text\">\n                            <span class=\"project-name\">Lumber Packer \/ Baler For Dried Boards<\/span>\n                        <\/span>\n                    <\/span>\n                <\/a>\n                <img decoding=\"async\" src=\"https:\/\/impactomaquinas.com.br\/wp-content\/uploads\/2021\/02\/EMPACOTADOR-3-e1613771548824.png\" alt=\"\" \/>\n            <\/div>\n        <\/div>\n                <div class=\"item desgradeadores\">\n            <div class=\"picframe\">\n            \t                <a href=\"https:\/\/impactomaquinas.com.br\/en\/portfolio\/desgradeador-com-destopadeira\/\">\n                                    <span class=\"overlay\">\n                        <span class=\"pf_text\">\n                            <span class=\"project-name\">Unstacker With Trimmer<\/span>\n                        <\/span>\n                    <\/span>\n                <\/a>\n                <img decoding=\"async\" src=\"https:\/\/impactomaquinas.com.br\/wp-content\/uploads\/2021\/02\/des-com-dest-1-e1613763724696.png\" alt=\"\" \/>\n            <\/div>\n        <\/div>\n                <div class=\"item desgradeadores\">\n            <div class=\"picframe\">\n            \t                <a href=\"https:\/\/impactomaquinas.com.br\/en\/portfolio\/desgradeador-de-tabuas\/\">\n                                    <span class=\"overlay\">\n                        <span class=\"pf_text\">\n                            <span class=\"project-name\">Lumber Unstacker<\/span>\n                        <\/span>\n                    <\/span>\n                <\/a>\n                <img decoding=\"async\" src=\"https:\/\/impactomaquinas.com.br\/wp-content\/uploads\/2021\/02\/DESGRADEADOR-2-e1613762349953.png\" alt=\"\" \/>\n            <\/div>\n        <\/div>\n        \n    <\/div>\n\n        <style type=\"text\/css\">\n\t    .pf_full_width.gallery_border .picframe,\n\t    .gallery_border{\n\t    \tmargin: 5px;\n\t    }\n\t    .gallery_border{\n\t    \tmargin-top: -5px;\n\t    }\n\t    .container .gallery_border{\n\t    \tmargin-left: -5px;;\n\t    \tmargin-right: -5px;;\n\t    }\n    <\/style>\n    \n<\/div><\/div><\/div><\/div><div class=\"clearfix\"><\/div><\/section><section class=\"vc_rows wpb_row vc_row-fluid bg-color vc_custom_1480996122849\"><div class=\"container\"><div class=\"row\"><div class=\"wpb_column vc_column_container vc_col-sm-12\"><div class=\"vc_column-inner\"><div class=\"wpb_wrapper\">\n\t<div class=\"row call-to-action\">\n\t\t<div class=\"col-md-8\">\n\t        <h3 class=\"mt10\">teste ingl\u00eas<\/h3>\n\t    <\/div>\n\t    <div class=\"col-md-4 text-right\">\n\t    \t<a class=\"btn btn-line-black btn-fx\" href=\"http:\/\/localhost\/buildpro\/contact-us\/\" target=\"_self\">HIRE US NOW<\/a>\t    <\/div>\n    <\/div>\n\n<\/div><\/div><\/div><\/div><\/div><div class=\"clearfix\"><\/div><\/section>\n<\/div>","protected":false},"excerpt":{"rendered":"Equipamento desenvolvido para desgradeamento de pacotes e grades de madeira, com um fluxo constante, sendo parcial ou totalmente automatizado. Especifica\u00e7\u00f5es T\u00e9cnicasx Modelo Desgradeador de T\u00e1buas IMP- DES-20 Comprimento M\u00ednimo T\u00e1bua900 mm Comprimento M\u00e1ximo T\u00e1buaConforme a necessidade Largura M\u00e1xima T\u00e1bua200 mm Espessura M\u00e1xima T\u00e1buaConforme a necessidade Comprimento M\u00e1ximo do PacoteConforme a necessidade Largura M\u00e1xima do PacoteConforme [...]","protected":false},"author":1,"featured_media":0,"parent":0,"menu_order":0,"comment_status":"closed","ping_status":"closed","template":"page-templates\/template-fullwidth.php","meta":{"_seopress_robots_primary_cat":"","_seopress_titles_title":"","_seopress_titles_desc":"","_seopress_robots_index":"","_joinchat":[],"footnotes":""},"class_list":["post-132","page","type-page","status-publish","hentry"],"_links":{"self":[{"href":"https:\/\/impactomaquinas.com.br\/en\/wp-json\/wp\/v2\/pages\/132","targetHints":{"allow":["GET"]}}],"collection":[{"href":"https:\/\/impactomaquinas.com.br\/en\/wp-json\/wp\/v2\/pages"}],"about":[{"href":"https:\/\/impactomaquinas.com.br\/en\/wp-json\/wp\/v2\/types\/page"}],"author":[{"embeddable":true,"href":"https:\/\/impactomaquinas.com.br\/en\/wp-json\/wp\/v2\/users\/1"}],"replies":[{"embeddable":true,"href":"https:\/\/impactomaquinas.com.br\/en\/wp-json\/wp\/v2\/comments?post=132"}],"version-history":[{"count":0,"href":"https:\/\/impactomaquinas.com.br\/en\/wp-json\/wp\/v2\/pages\/132\/revisions"}],"wp:attachment":[{"href":"https:\/\/impactomaquinas.com.br\/en\/wp-json\/wp\/v2\/media?parent=132"}],"curies":[{"name":"wp","href":"https:\/\/api.w.org\/{rel}","templated":true}]}}