{"id":633,"date":"2016-12-16T09:38:54","date_gmt":"2016-12-16T09:38:54","guid":{"rendered":"http:\/\/localhost\/buildpro\/?page_id=633"},"modified":"2025-03-18T00:07:00","modified_gmt":"2025-03-18T03:07:00","slug":"home-11","status":"publish","type":"page","link":"https:\/\/impactomaquinas.com.br\/en\/","title":{"rendered":"Home 11"},"content":{"rendered":"<div class=\"wpb-content-wrapper\"><section data-stellar-background-ratio=\".2\" class=\"vc_rows wpb_row vc_row-fluid vc_custom_1482395963817 parallax\"><div class=\"container\"><div class=\"row\"><div class=\"wpb_column vc_column_container vc_col-sm-12\"><div class=\"vc_column-inner\"><div class=\"wpb_wrapper\"><div class=\"wpb_revslider_element wpb_content_element\">\n\t\t\t<!-- START Homepage IM REVOLUTION SLIDER 6.7.23 --><p class=\"rs-p-wp-fix\"><\/p>\n\t\t\t<rs-module-wrap id=\"rev_slider_10_1_wrapper\" data-source=\"gallery\" style=\"visibility:hidden;background:transparent;padding:0;\">\n\t\t\t\t<rs-module id=\"rev_slider_10_1\" style=\"\" data-version=\"6.7.23\">\n\t\t\t\t\t<rs-slides style=\"overflow: hidden; position: absolute;\">\n\t\t\t\t\t\t<rs-slide style=\"position: absolute;\" data-key=\"rs-26\" data-title=\"Slide\" data-thumb=\"\/\/impactomaquinas.com.br\/wp-content\/uploads\/2024\/12\/epoxy-and-waxed-flooring-with-colorful-signage-2023-11-27-05-10-10-utc-new-scaled-100x50.jpg\" data-anim=\"ms:600;\" data-in=\"o:0;\" data-out=\"a:false;\">\n\t\t\t\t\t\t\t<img fetchpriority=\"high\" decoding=\"async\" src=\"\/\/impactomaquinas.com.br\/wp-content\/plugins\/revslider\/sr6\/assets\/assets\/dummy.png\" alt=\"\" title=\"Epoxy and waxed flooring with colorful signage.\" width=\"2560\" height=\"1706\" class=\"rev-slidebg tp-rs-img rs-lazyload\" data-lazyload=\"\/\/impactomaquinas.com.br\/wp-content\/uploads\/2024\/12\/epoxy-and-waxed-flooring-with-colorful-signage-2023-11-27-05-10-10-utc-new-scaled.jpg\" data-parallax=\"10\" data-no-retina>\n<!--\n\t\t\t\t\t\t\t--><rs-layer\n\t\t\t\t\t\t\t\tid=\"slider-10-slide-26-layer-1\" \n\t\t\t\t\t\t\t\tclass=\"letter5\"\n\t\t\t\t\t\t\t\tdata-type=\"text\"\n\t\t\t\t\t\t\t\tdata-color=\"rgba(255,255,255,1)\"\n\t\t\t\t\t\t\t\tdata-rsp_ch=\"on\"\n\t\t\t\t\t\t\t\tdata-xy=\"x:c;xo:0,0,9px,0;y:m,t,m,m;yo:-111px,326px,-155px,-199px;\"\n\t\t\t\t\t\t\t\tdata-text=\"s:16,14,12,10;l:22,22,18,18;a:inherit;\"\n\t\t\t\t\t\t\t\tdata-frame_0=\"sX:2;sY:2;\"\n\t\t\t\t\t\t\t\tdata-frame_1=\"x:0,0px,0px,0px;y:0,0px,0px,0px;e:power3.out;st:2210;sp:400;sR:2210;\"\n\t\t\t\t\t\t\t\tdata-frame_999=\"z:0px;o:0;e:power3.out;st:w;sp:400;sR:12390;\"\n\t\t\t\t\t\t\t\tstyle=\"z-index:7;font-family:'Montserrat';text-transform:uppercase;\"\n\t\t\t\t\t\t\t><span class=\"id-color\">Sawmills<\/span> \n\t\t\t\t\t\t\t<\/rs-layer><!--\n\n\t\t\t\t\t\t\t--><a\n\t\t\t\t\t\t\t\tid=\"slider-10-slide-26-layer-3\" \n\t\t\t\t\t\t\t\tclass=\"rs-layer letter3 rev-btn\"\n\t\t\t\t\t\t\t\thref=\"https:\/\/impactomaquinas.com.br\/en\/portfolio\/serra-fita-geminada\/\" target=\"_self\" rel=\"nofollow\"\n\t\t\t\t\t\t\t\tdata-type=\"button\"\n\t\t\t\t\t\t\t\tdata-color=\"rgba(255,255,255,1)\"\n\t\t\t\t\t\t\t\tdata-xy=\"x:c;xo:0,0,-3px,0;y:b,t,m,m;yo:0,706px,383px,280px;\"\n\t\t\t\t\t\t\t\tdata-text=\"s:13,15,16,16;l:18,21,19,23;fw:700,700,700,400;a:inherit;\"\n\t\t\t\t\t\t\t\tdata-rsp_bd=\"off\"\n\t\t\t\t\t\t\t\tdata-padding=\"t:10,12,13,8;r:30,36,30,24;b:10,12,13,8;l:30,36,30,24;\"\n\t\t\t\t\t\t\t\tdata-border=\"bos:solid;boc:rgba(255,255,255,1);bow:1px,1px,1px,1px;\"\n\t\t\t\t\t\t\t\tdata-frame_0=\"y:50px,60px,68px,81px;\"\n\t\t\t\t\t\t\t\tdata-frame_1=\"x:0,0px,0px,0px;y:0,0px,0px,0px;e:power3.out;st:5870;sp:400;sR:5870;\"\n\t\t\t\t\t\t\t\tdata-frame_999=\"z:0px;o:0;e:power3.out;st:w;sp:400;sR:8730;\"\n\t\t\t\t\t\t\t\tdata-frame_hover=\"c:#222;bgc:#fff;boc:#fff;bor:0px,0px,0px,0px;bos:solid;bow:2px,2px,2px,2px;oX:50;oY:50;sp:0;e:none;\"\n\t\t\t\t\t\t\t\tstyle=\"z-index:13;font-family:'Montserrat';text-transform:uppercase;cursor:pointer;outline:none;box-shadow:none;box-sizing:border-box;-moz-box-sizing:border-box;-webkit-box-sizing:border-box;\"\n\t\t\t\t\t\t\t>Saiba mais \n\t\t\t\t\t\t\t<\/a><!--\n\n\t\t\t\t\t\t\t--><rs-layer\n\t\t\t\t\t\t\t\tid=\"slider-10-slide-26-layer-6\" \n\t\t\t\t\t\t\t\tdata-type=\"text\"\n\t\t\t\t\t\t\t\tdata-color=\"rgba(255,255,255,1)\"\n\t\t\t\t\t\t\t\tdata-rsp_ch=\"on\"\n\t\t\t\t\t\t\t\tdata-xy=\"x:c;xo:0,0,5px,0;y:m,t,m,m;yo:-144px,351px,-200px,-234px;\"\n\t\t\t\t\t\t\t\tdata-text=\"w:nowrap,nowrap,nowrap,normal;s:48,40,30,25;l:17,19,20,16;fw:700;a:inherit;\"\n\t\t\t\t\t\t\t\tdata-dim=\"w:750px,auto,auto,auto;h:38px,auto,auto,auto;\"\n\t\t\t\t\t\t\t\tdata-frame_0=\"sX:2;sY:2;\"\n\t\t\t\t\t\t\t\tdata-frame_1=\"e:power3.out;st:1300;sp:500;sR:1300;\"\n\t\t\t\t\t\t\t\tdata-frame_999=\"z:0px;o:0;e:power3.out;st:w;sp:400;sR:13200;\"\n\t\t\t\t\t\t\t\tstyle=\"z-index:8;font-family:'Montserrat';\"\n\t\t\t\t\t\t\t>Serra Fita Vertical Geminada<span class=\"id-color\">.<\/span> \n\t\t\t\t\t\t\t<\/rs-layer><!--\n\n\t\t\t\t\t\t\t--><rs-layer\n\t\t\t\t\t\t\t\tid=\"slider-10-slide-26-layer-15\" \n\t\t\t\t\t\t\t\tdata-type=\"image\"\n\t\t\t\t\t\t\t\tdata-rsp_ch=\"on\"\n\t\t\t\t\t\t\t\tdata-xy=\"x:l,l,c,c;xo:-18px,13px,-5px,0;yo:119px,347px,271px,155px;\"\n\t\t\t\t\t\t\t\tdata-text=\"w:normal;s:20,16,13,8;l:0,20,16,10;\"\n\t\t\t\t\t\t\t\tdata-dim=\"w:830px,651px,694px,727px;h:467px,366px,390px,409px;\"\n\t\t\t\t\t\t\t\tdata-frame_0=\"x:50,41,33,20;\"\n\t\t\t\t\t\t\t\tdata-frame_1=\"st:2770;sp:1000;sR:2770;\"\n\t\t\t\t\t\t\t\tdata-frame_999=\"x:-50,-41,-33,-20;o:0;st:w;sp:1000;sR:11230;\"\n\t\t\t\t\t\t\t\tstyle=\"z-index:9;\"\n\t\t\t\t\t\t\t><img decoding=\"async\" src=\"\/\/impactomaquinas.com.br\/wp-content\/plugins\/revslider\/sr6\/assets\/assets\/dummy.png\" alt=\"\" class=\"tp-rs-img rs-lazyload\" width=\"1920\" height=\"1080\" data-lazyload=\"\/\/impactomaquinas.com.br\/wp-content\/uploads\/2025\/01\/05-Destaque-2.png\" data-no-retina> \n\t\t\t\t\t\t\t<\/rs-layer><!--\n\n\t\t\t\t\t\t\t--><rs-layer\n\t\t\t\t\t\t\t\tid=\"slider-10-slide-26-layer-20\" \n\t\t\t\t\t\t\t\tdata-type=\"text\"\n\t\t\t\t\t\t\t\tdata-color=\"#fff\"\n\t\t\t\t\t\t\t\tdata-rsp_ch=\"on\"\n\t\t\t\t\t\t\t\tdata-xy=\"x:l,l,l,c;xo:706px,534px,196px,0;yo:250px,476px,650px,538px;\"\n\t\t\t\t\t\t\t\tdata-text=\"w:normal;s:14,14,14,13;l:28,29,30,30;ls:1,0,0,0;fw:300;\"\n\t\t\t\t\t\t\t\tdata-dim=\"w:386px,403px,424px,385px;h:87px,90px,71px,auto;minh:0,none,none,none;\"\n\t\t\t\t\t\t\t\tdata-frame_0=\"x:50,52px,54px,55px;y:0,0px,0px,0px;\"\n\t\t\t\t\t\t\t\tdata-frame_1=\"x:0,0px,0px,0px;y:0,0px,0px,0px;st:3790;sp:1000;sR:3790;\"\n\t\t\t\t\t\t\t\tdata-frame_999=\"x:-50,-52px,-54px,-55px;o:0;st:w;sp:1000;sR:10210;\"\n\t\t\t\t\t\t\t\tstyle=\"z-index:11;font-family:'Poppins';\"\n\t\t\t\t\t\t\t><i class=\"fa-check\"><\/i> Permite cortes simult\u00e2neos e precisos em duas faces da tora, retirando as costaneiras automaticamente.  \n\t\t\t\t\t\t\t<\/rs-layer><!--\n\n\t\t\t\t\t\t\t--><rs-layer\n\t\t\t\t\t\t\t\tid=\"slider-10-slide-26-layer-21\" \n\t\t\t\t\t\t\t\tdata-type=\"text\"\n\t\t\t\t\t\t\t\tdata-color=\"#fff\"\n\t\t\t\t\t\t\t\tdata-rsp_ch=\"on\"\n\t\t\t\t\t\t\t\tdata-xy=\"x:l,l,l,c;xo:708px,534px,196px,-10px;yo:448px,549px,720px,598px;\"\n\t\t\t\t\t\t\t\tdata-text=\"w:normal;s:14,14,14,13;l:28,28,30,30;ls:1,0,0,0;fw:300;\"\n\t\t\t\t\t\t\t\tdata-dim=\"w:363px,364px,347px,365px;minh:0,none,none,none;\"\n\t\t\t\t\t\t\t\tdata-frame_0=\"x:50,50px,47px,49px;y:0,0px,0px,0px;\"\n\t\t\t\t\t\t\t\tdata-frame_1=\"x:0,0px,0px,0px;y:0,0px,0px,0px;st:4840;sp:1000;sR:4840;\"\n\t\t\t\t\t\t\t\tdata-frame_999=\"x:-50,-49px,-47px,-49px;o:0;st:w;sp:1000;sR:9160;\"\n\t\t\t\t\t\t\t\tstyle=\"z-index:10;font-family:'Poppins';\"\n\t\t\t\t\t\t\t><i class=\"fa-check\"><\/i> Alta produtividade e precis\u00e3o de corte \n\t\t\t\t\t\t\t<\/rs-layer><!--\n\n\t\t\t\t\t\t\t--><rs-layer\n\t\t\t\t\t\t\t\tid=\"slider-10-slide-26-layer-22\" \n\t\t\t\t\t\t\t\tdata-type=\"object\"\n\t\t\t\t\t\t\t\tdata-rsp_ch=\"on\"\n\t\t\t\t\t\t\t\tdata-xy=\"xo:50px,41px,33px,20px;yo:50px,41px,33px,20px;\"\n\t\t\t\t\t\t\t\tdata-text=\"w:normal;s:20,16,13,8;l:0,20,16,10;\"\n\t\t\t\t\t\t\t\tdata-frame_999=\"o:0;st:w;sR:14700;\"\n\t\t\t\t\t\t\t\tstyle=\"z-index:12;font-family:'Roboto';\"\n\t\t\t\t\t\t\t> \n\t\t\t\t\t\t\t<\/rs-layer><!--\n\n\t\t\t\t\t\t\t--><rs-layer\n\t\t\t\t\t\t\t\tid=\"slider-10-slide-26-layer-23\" \n\t\t\t\t\t\t\t\tdata-type=\"shape\"\n\t\t\t\t\t\t\t\tdata-rsp_ch=\"on\"\n\t\t\t\t\t\t\t\tdata-xy=\"x:c;y:m;\"\n\t\t\t\t\t\t\t\tdata-text=\"w:normal;s:20,16,13,8;l:0,20,16,10;\"\n\t\t\t\t\t\t\t\tdata-dim=\"w:1973px,1626px,1328px,830px;h:1987px,1638px,1338px,836px;\"\n\t\t\t\t\t\t\t\tdata-frame_1=\"st:990;sR:990;\"\n\t\t\t\t\t\t\t\tdata-frame_999=\"o:0;st:w;sR:13710;\"\n\t\t\t\t\t\t\t\tstyle=\"z-index:6;background-color:rgba(0,0,0,0.5);\"\n\t\t\t\t\t\t\t> \n\t\t\t\t\t\t\t<\/rs-layer><!--\n-->\t\t\t\t\t<\/rs-slide>\n\t\t\t\t\t\t<rs-slide style=\"position: absolute;\" data-key=\"rs-29\" data-title=\"Slide\" data-thumb=\"\/\/impactomaquinas.com.br\/wp-content\/uploads\/2024\/12\/epoxy-and-waxed-flooring-with-colorful-signage-2023-11-27-05-10-10-utc-new-scaled-100x50.jpg\" data-anim=\"ms:600;\" data-in=\"o:0;\" data-out=\"a:false;\">\n\t\t\t\t\t\t\t<img fetchpriority=\"high\" decoding=\"async\" src=\"\/\/impactomaquinas.com.br\/wp-content\/plugins\/revslider\/sr6\/assets\/assets\/dummy.png\" alt=\"\" title=\"Epoxy and waxed flooring with colorful signage.\" width=\"2560\" height=\"1706\" class=\"rev-slidebg tp-rs-img rs-lazyload\" data-lazyload=\"\/\/impactomaquinas.com.br\/wp-content\/uploads\/2024\/12\/epoxy-and-waxed-flooring-with-colorful-signage-2023-11-27-05-10-10-utc-new-scaled.jpg\" data-parallax=\"10\" data-no-retina>\n<!--\n\t\t\t\t\t\t\t--><rs-layer\n\t\t\t\t\t\t\t\tid=\"slider-10-slide-29-layer-0\" \n\t\t\t\t\t\t\t\tdata-type=\"image\"\n\t\t\t\t\t\t\t\tdata-rsp_ch=\"on\"\n\t\t\t\t\t\t\t\tdata-xy=\"x:l,l,c,c;xo:13px,-58px,-1px,-19px;yo:185px,216px,159px,122px;\"\n\t\t\t\t\t\t\t\tdata-text=\"w:normal;s:20,16,13,8;l:0,20,16,10;\"\n\t\t\t\t\t\t\t\tdata-dim=\"w:658px,628px,739px,638px;h:370px,353px,416px,359px;\"\n\t\t\t\t\t\t\t\tdata-frame_0=\"x:50,41,33,20;\"\n\t\t\t\t\t\t\t\tdata-frame_1=\"st:2230;sp:1000;sR:2230;\"\n\t\t\t\t\t\t\t\tdata-frame_999=\"o:0;st:w;sR:11770;\"\n\t\t\t\t\t\t\t\tstyle=\"z-index:13;\"\n\t\t\t\t\t\t\t><img decoding=\"async\" src=\"\/\/impactomaquinas.com.br\/wp-content\/plugins\/revslider\/sr6\/assets\/assets\/dummy.png\" alt=\"\" class=\"tp-rs-img rs-lazyload\" width=\"1920\" height=\"1080\" data-lazyload=\"\/\/impactomaquinas.com.br\/wp-content\/uploads\/2025\/01\/17-Destaque-2.png\" data-no-retina> \n\t\t\t\t\t\t\t<\/rs-layer><!--\n\n\t\t\t\t\t\t\t--><rs-layer\n\t\t\t\t\t\t\t\tid=\"slider-10-slide-29-layer-1\" \n\t\t\t\t\t\t\t\tclass=\"letter5\"\n\t\t\t\t\t\t\t\tdata-type=\"text\"\n\t\t\t\t\t\t\t\tdata-color=\"rgba(255,255,255,1)\"\n\t\t\t\t\t\t\t\tdata-rsp_ch=\"on\"\n\t\t\t\t\t\t\t\tdata-xy=\"x:c;y:m,t,m,m;yo:-118px,97px,-270px,-289px;\"\n\t\t\t\t\t\t\t\tdata-text=\"s:16,13,14,13;l:22,22,16,15;a:inherit;\"\n\t\t\t\t\t\t\t\tdata-frame_0=\"sX:2;sY:2;\"\n\t\t\t\t\t\t\t\tdata-frame_1=\"x:0,0px,0px,0px;y:0,0px,0px,0px;e:power3.out;st:1790;sp:400;sR:1790;\"\n\t\t\t\t\t\t\t\tdata-frame_999=\"z:0px;o:0;e:power3.out;st:w;sp:400;sR:12810;\"\n\t\t\t\t\t\t\t\tstyle=\"z-index:7;font-family:'Montserrat';text-transform:uppercase;\"\n\t\t\t\t\t\t\t><span class=\"id-color\">Sawmills<\/span> \n\t\t\t\t\t\t\t<\/rs-layer><!--\n\n\t\t\t\t\t\t\t--><a\n\t\t\t\t\t\t\t\tid=\"slider-10-slide-29-layer-3\" \n\t\t\t\t\t\t\t\tclass=\"rs-layer letter3 rev-btn\"\n\t\t\t\t\t\t\t\thref=\"https:\/\/impactomaquinas.com.br\/en\/portfolio\/gradeador-de-tabuas\/\" target=\"_self\" rel=\"nofollow\"\n\t\t\t\t\t\t\t\tdata-type=\"button\"\n\t\t\t\t\t\t\t\tdata-color=\"rgba(255,255,255,1)\"\n\t\t\t\t\t\t\t\tdata-xy=\"x:c;xo:0,0,1px,-5px;y:b,b,m,m;yo:0,0,320px,259px;\"\n\t\t\t\t\t\t\t\tdata-text=\"s:13,15,21,16;l:18,21,24,23;fw:700,700,700,400;a:inherit;\"\n\t\t\t\t\t\t\t\tdata-rsp_bd=\"off\"\n\t\t\t\t\t\t\t\tdata-padding=\"t:10,12,17,8;r:30,36,38,24;b:10,12,17,8;l:30,36,38,24;\"\n\t\t\t\t\t\t\t\tdata-border=\"bos:solid;boc:rgba(255,255,255,1);bow:1px,1px,1px,1px;\"\n\t\t\t\t\t\t\t\tdata-frame_0=\"y:50px,60px,87px,81px;\"\n\t\t\t\t\t\t\t\tdata-frame_1=\"x:0,0px,0px,0px;y:0,0px,0px,0px;e:power3.out;st:5300;sp:400;sR:5300;\"\n\t\t\t\t\t\t\t\tdata-frame_999=\"z:0px;o:0;e:power3.out;st:w;sp:400;sR:9300;\"\n\t\t\t\t\t\t\t\tdata-frame_hover=\"c:#222;bgc:#fff;boc:#fff;bor:0px,0px,0px,0px;bos:solid;bow:2px,2px,2px,2px;oX:50;oY:50;sp:0;e:none;\"\n\t\t\t\t\t\t\t\tstyle=\"z-index:8;font-family:'Montserrat';text-transform:uppercase;cursor:pointer;outline:none;box-shadow:none;box-sizing:border-box;-moz-box-sizing:border-box;-webkit-box-sizing:border-box;\"\n\t\t\t\t\t\t\t>Saiba mais \n\t\t\t\t\t\t\t<\/a><!--\n\n\t\t\t\t\t\t\t--><rs-layer\n\t\t\t\t\t\t\t\tid=\"slider-10-slide-29-layer-6\" \n\t\t\t\t\t\t\t\tdata-type=\"text\"\n\t\t\t\t\t\t\t\tdata-color=\"rgba(255,255,255,1)\"\n\t\t\t\t\t\t\t\tdata-rsp_ch=\"on\"\n\t\t\t\t\t\t\t\tdata-xy=\"x:c;y:m,t,m,m;yo:-148px,58px,-299px,-315px;\"\n\t\t\t\t\t\t\t\tdata-text=\"w:nowrap,nowrap,nowrap,nowrap;s:48,40,34,23;l:17,19,10,10;fw:700;a:inherit;\"\n\t\t\t\t\t\t\t\tdata-dim=\"w:959px,797px,687px,449px;h:38px,auto,18px,auto;\"\n\t\t\t\t\t\t\t\tdata-frame_0=\"sX:2;sY:2;\"\n\t\t\t\t\t\t\t\tdata-frame_1=\"e:power3.out;st:1230;sp:500;sR:1230;\"\n\t\t\t\t\t\t\t\tdata-frame_999=\"z:0px;o:0;e:power3.out;st:w;sp:400;sR:13270;\"\n\t\t\t\t\t\t\t\tstyle=\"z-index:9;font-family:'Montserrat';\"\n\t\t\t\t\t\t\t>Gradeador Autom\u00e1tico para Madeiras<span class=\"id-color\">.<\/span> \n\t\t\t\t\t\t\t<\/rs-layer><!--\n\n\t\t\t\t\t\t\t--><rs-layer\n\t\t\t\t\t\t\t\tid=\"slider-10-slide-29-layer-20\" \n\t\t\t\t\t\t\t\tdata-type=\"text\"\n\t\t\t\t\t\t\t\tdata-color=\"#fff\"\n\t\t\t\t\t\t\t\tdata-rsp_ch=\"on\"\n\t\t\t\t\t\t\t\tdata-xy=\"x:l,l,c,c;xo:696px,523px,0,2px;yo:295px,318px,546px,475px;\"\n\t\t\t\t\t\t\t\tdata-text=\"w:normal;s:14,13,14,12;l:28,28,32,29;ls:1,0,0,0;fw:300;\"\n\t\t\t\t\t\t\t\tdata-dim=\"w:411px,408px,480px,438px;minh:0,none,none,none;\"\n\t\t\t\t\t\t\t\tdata-frame_0=\"x:50,49px,58px,53px;y:0,0px,0px,0px;\"\n\t\t\t\t\t\t\t\tdata-frame_1=\"x:0,0px,0px,0px;y:0,0px,0px,0px;st:3300;sp:1000;sR:3300;\"\n\t\t\t\t\t\t\t\tdata-frame_999=\"x:-50,-49px,-58px,-53px;o:0;st:w;sp:1000;sR:10700;\"\n\t\t\t\t\t\t\t\tstyle=\"z-index:11;font-family:'Poppins';\"\n\t\t\t\t\t\t\t><i class=\"fa-check\"><\/i> Utilizado para gradear e empacotar t\u00e1buas de madeira de maneira cont\u00ednua e autom\u00e1tica \n\t\t\t\t\t\t\t<\/rs-layer><!--\n\n\t\t\t\t\t\t\t--><rs-layer\n\t\t\t\t\t\t\t\tid=\"slider-10-slide-29-layer-21\" \n\t\t\t\t\t\t\t\tdata-type=\"text\"\n\t\t\t\t\t\t\t\tdata-color=\"#fff\"\n\t\t\t\t\t\t\t\tdata-rsp_ch=\"on\"\n\t\t\t\t\t\t\t\tdata-xy=\"x:l,l,c,c;xo:696px,522px,12px,4px;yo:410px,405px,613px,538px;\"\n\t\t\t\t\t\t\t\tdata-text=\"w:normal;s:14,13,14,12;l:28,28,32,29;ls:1,0,0,0;fw:300;\"\n\t\t\t\t\t\t\t\tdata-dim=\"w:411px,420px,504px,443px;minh:0,none,none,none;\"\n\t\t\t\t\t\t\t\tdata-frame_0=\"x:50,51px,60px,56px;y:0,0px,0px,0px;\"\n\t\t\t\t\t\t\t\tdata-frame_1=\"x:0,0px,0px,0px;y:0,0px,0px,0px;st:4300;sp:1000;sR:4300;\"\n\t\t\t\t\t\t\t\tdata-frame_999=\"x:-50,-51px,-60px,-56px;o:0;st:w;sp:1000;sR:9700;\"\n\t\t\t\t\t\t\t\tstyle=\"z-index:10;font-family:'Poppins';\"\n\t\t\t\t\t\t\t><i class=\"fa-check\"><\/i> Ajuda a otimizar o fluxo de produ\u00e7\u00e3o e garantir grades e pacotes com formato padr\u00e3o. Atende todos os tipos e dimens\u00f5es\u00a0de\u00a0t\u00e1buas. \n\t\t\t\t\t\t\t<\/rs-layer><!--\n\n\t\t\t\t\t\t\t--><rs-layer\n\t\t\t\t\t\t\t\tid=\"slider-10-slide-29-layer-22\" \n\t\t\t\t\t\t\t\tdata-type=\"object\"\n\t\t\t\t\t\t\t\tdata-rsp_ch=\"on\"\n\t\t\t\t\t\t\t\tdata-xy=\"xo:50px,41px,33px,20px;yo:50px,41px,33px,20px;\"\n\t\t\t\t\t\t\t\tdata-text=\"w:normal;s:20,16,13,8;l:0,20,16,10;\"\n\t\t\t\t\t\t\t\tdata-frame_1=\"st:810;sR:810;\"\n\t\t\t\t\t\t\t\tdata-frame_999=\"o:0;st:w;sR:13890;\"\n\t\t\t\t\t\t\t\tstyle=\"z-index:12;font-family:'Roboto';\"\n\t\t\t\t\t\t\t> \n\t\t\t\t\t\t\t<\/rs-layer><!--\n\n\t\t\t\t\t\t\t--><rs-layer\n\t\t\t\t\t\t\t\tid=\"slider-10-slide-29-layer-23\" \n\t\t\t\t\t\t\t\tdata-type=\"shape\"\n\t\t\t\t\t\t\t\tdata-rsp_ch=\"on\"\n\t\t\t\t\t\t\t\tdata-xy=\"x:c;y:m;\"\n\t\t\t\t\t\t\t\tdata-text=\"w:normal;s:20,16,13,8;l:0,20,16,10;\"\n\t\t\t\t\t\t\t\tdata-dim=\"w:1973px,1626px,1328px,830px;h:1987px,1638px,1338px,836px;\"\n\t\t\t\t\t\t\t\tdata-frame_999=\"o:0;st:w;sR:14700;\"\n\t\t\t\t\t\t\t\tstyle=\"z-index:6;background-color:rgba(0,0,0,0.5);\"\n\t\t\t\t\t\t\t> \n\t\t\t\t\t\t\t<\/rs-layer><!--\n-->\t\t\t\t\t<\/rs-slide>\n\t\t\t\t\t<\/rs-slides>\n\t\t\t\t<\/rs-module>\n\t\t\t\t<script>\n\t\t\t\t\tsetREVStartSize({c: 'rev_slider_10_1',rl:[1240,1024,778,480],el:[600,800,900,800],gw:[1140,940,768,480],gh:[600,800,900,800],type:'standard',justify:'',layout:'fullscreen',offsetContainer:'',offset:'',mh:\"0\"});if (window.RS_MODULES!==undefined && window.RS_MODULES.modules!==undefined && window.RS_MODULES.modules[\"revslider101\"]!==undefined) {window.RS_MODULES.modules[\"revslider101\"].once = false;window.revapi10 = undefined;if (window.RS_MODULES.checkMinimal!==undefined) window.RS_MODULES.checkMinimal()}\n\t\t\t\t<\/script>\n\t\t\t<\/rs-module-wrap>\n\t\t\t<!-- END REVOLUTION SLIDER -->\n<\/div><\/div><\/div><\/div><\/div><\/div><div class=\"clearfix\"><\/div><\/section><section class=\"vc_rows wpb_row vc_row-fluid bg-color vc_custom_1733179878793\"><div class=\"container\"><div class=\"row\"><div class=\"wpb_column vc_column_container vc_col-sm-12\"><div class=\"vc_column-inner\"><div class=\"wpb_wrapper\"><\/div><\/div><\/div><\/div><\/div><div class=\"clearfix\"><\/div><\/section><section class=\"vc_rows wpb_row vc_row-fluid\"><div class=\"container\"><div class=\"row\"><div class=\"wpb_column vc_column_container vc_col-sm-12\"><div class=\"vc_column-inner\"><div class=\"wpb_wrapper\">\n\t<div class=\"wpb_text_column wpb_content_element wpb_animate_when_almost_visible wpb_fadeInDown fadeInDown\" >\n\t\t<div class=\"wpb_wrapper\">\n\t\t\t<h1 style=\"text-align: center;\">Nossas linhas<\/h1>\n\n\t\t<\/div>\n\t<\/div>\n<\/div><\/div><\/div><div class=\"wpb_column vc_column_container vc_col-sm-12\"><div class=\"vc_column-inner\"><div class=\"wpb_wrapper\"><div class=\"vc_separator wpb_content_element vc_separator_align_center vc_sep_width_10 vc_sep_pos_align_center vc_separator_no_text vc_custom_1733201673070 wpb_content_element  vc_custom_1733201673070 wpb_content_element wpb_animate_when_almost_visible wpb_fadeInDown fadeInDown wpb_animate_when_almost_visible wpb_fadeInDown fadeInDown\" ><span class=\"vc_sep_holder vc_sep_holder_l\"><span style=\"border-color:#E9E907;\" class=\"vc_sep_line\"><\/span><\/span><span class=\"vc_sep_holder vc_sep_holder_r\"><span style=\"border-color:#E9E907;\" class=\"vc_sep_line\"><\/span><\/span>\n<\/div><div class=\"vc_row wpb_row vc_inner vc_row-fluid vc_custom_1733201142070\"><div class=\"wpb_column vc_column_container vc_col-sm-2\"><div class=\"vc_column-inner\"><div class=\"wpb_wrapper\"><\/div><\/div><\/div><div class=\"wpb_column vc_column_container vc_col-sm-4 vc_col-has-fill\"><div class=\"vc_column-inner vc_custom_1733203372510\"><div class=\"wpb_wrapper\">\n\t<div class=\"wpb_text_column wpb_content_element wpb_animate_when_almost_visible wpb_bounceInLeft bounceInLeft\" >\n\t\t<div class=\"wpb_wrapper\">\n\t\t\t<h2 style=\"text-align: center;\"><strong><a href=\"https:\/\/impactomaquinas.com.br\/en\/solicite-um-orcamento\/\">Sawmills<\/a><\/strong><\/h2>\n\n\t\t<\/div>\n\t<\/div>\n\n\t<div  class=\"wpb_single_image wpb_content_element vc_align_center wpb_content_element wpb_animate_when_almost_visible wpb_fadeInLeft fadeInLeft\">\n\t\t\n\t\t<figure class=\"wpb_wrapper vc_figure\">\n\t\t\t<a href=\"https:\/\/impactomaquinas.com.br\/en\/equipamentos-maquinas\/\" target=\"_self\" class=\"vc_single_image-wrapper   vc_box_border_grey\"><img loading=\"lazy\" decoding=\"async\" width=\"150\" height=\"150\" src=\"https:\/\/impactomaquinas.com.br\/wp-content\/uploads\/2024\/12\/Gears-10-150x150.png\" class=\"vc_single_image-img attachment-thumbnail\" alt=\"\" title=\"Sawmills\" srcset=\"https:\/\/impactomaquinas.com.br\/wp-content\/uploads\/2024\/12\/Gears-10-150x150.png 150w, https:\/\/impactomaquinas.com.br\/wp-content\/uploads\/2024\/12\/Gears-10-12x12.png 12w, https:\/\/impactomaquinas.com.br\/wp-content\/uploads\/2024\/12\/Gears-10.png 267w\" sizes=\"(max-width: 150px) 100vw, 150px\" \/><\/a>\n\t\t<\/figure>\n\t<\/div>\n<\/div><\/div><\/div><div class=\"wpb_column vc_column_container vc_col-sm-4 vc_col-has-fill\"><div class=\"vc_column-inner vc_custom_1733203378990\"><div class=\"wpb_wrapper\">\n\t<div class=\"wpb_text_column wpb_content_element wpb_animate_when_almost_visible wpb_bounceInRight bounceInRight\" >\n\t\t<div class=\"wpb_wrapper\">\n\t\t\t<h2 style=\"text-align: center;\"><a href=\"https:\/\/impactomaquinas.com.br\/en\/equipamentos-agro\/\"><strong>M\u00e1quinas Agr\u00edcolas<\/strong><\/a><\/h2>\n\n\t\t<\/div>\n\t<\/div>\n\n\t<div  class=\"wpb_single_image wpb_content_element vc_align_center wpb_content_element wpb_animate_when_almost_visible wpb_fadeInRight fadeInRight\">\n\t\t\n\t\t<figure class=\"wpb_wrapper vc_figure\">\n\t\t\t<a href=\"https:\/\/impactomaquinas.com.br\/en\/equipamentos-agro\/\" target=\"_self\" class=\"vc_single_image-wrapper   vc_box_border_grey\"><img loading=\"lazy\" decoding=\"async\" width=\"150\" height=\"150\" src=\"https:\/\/impactomaquinas.com.br\/wp-content\/uploads\/2024\/12\/Tractor-02-150x150.png\" class=\"vc_single_image-img attachment-thumbnail\" alt=\"\" title=\"Agro Engenharia\" srcset=\"https:\/\/impactomaquinas.com.br\/wp-content\/uploads\/2024\/12\/Tractor-02-150x150.png 150w, https:\/\/impactomaquinas.com.br\/wp-content\/uploads\/2024\/12\/Tractor-02-12x12.png 12w, https:\/\/impactomaquinas.com.br\/wp-content\/uploads\/2024\/12\/Tractor-02.png 267w\" sizes=\"(max-width: 150px) 100vw, 150px\" \/><\/a>\n\t\t<\/figure>\n\t<\/div>\n<\/div><\/div><\/div><div class=\"wpb_column vc_column_container vc_col-sm-2\"><div class=\"vc_column-inner\"><div class=\"wpb_wrapper\"><\/div><\/div><\/div><\/div><\/div><\/div><\/div><\/div><\/div><div class=\"clearfix\"><\/div><\/section><section class=\"vc_rows wpb_row vc_row-fluid bg-color vc_custom_1618427393837\"><div class=\"container\"><div class=\"row\"><div class=\"wpb_column vc_column_container vc_col-sm-12 vc_col-has-fill\"><div class=\"vc_column-inner vc_custom_1618427356599\"><div class=\"wpb_wrapper\">\n\t<div class=\"row call-to-action\">\n\t\t<div class=\"col-md-8\">\n\t        <h3 class=\"mt10\">Request your budget directly on the website<\/h3>\n\t    <\/div>\n\t    <div class=\"col-md-4 text-right\">\n\t    \t<a class=\"btn btn-line-black btn-fx\" href=\"https:\/\/impactomaquinas.com.br\/en\/solicite-um-orcamento\/\" target=\"_self\">Request now<\/a>\t    <\/div>\n    <\/div>\n\n<\/div><\/div><\/div><\/div><\/div><div class=\"clearfix\"><\/div><\/section>\n<\/div>","protected":false},"excerpt":{"rendered":"Serraria Saiba mais Serra Fita Vertical Geminada. Permite cortes simult\u00e2neos e precisos em duas faces da tora, retirando as costaneiras automaticamente. Alta produtividade e precis\u00e3o de corte Serraria Saiba mais Gradeador Autom\u00e1tico para Madeiras. Utilizado para gradear e empacotar t\u00e1buas de madeira de maneira cont\u00ednua e autom\u00e1tica Ajuda a otimizar o fluxo de produ\u00e7\u00e3o e [...]","protected":false},"author":1,"featured_media":0,"parent":0,"menu_order":0,"comment_status":"closed","ping_status":"closed","template":"page-templates\/template-canvas.php","meta":{"_seopress_robots_primary_cat":"","_seopress_titles_title":"","_seopress_titles_desc":"","_seopress_robots_index":"","_joinchat":[],"footnotes":""},"class_list":["post-633","page","type-page","status-publish","hentry"],"_links":{"self":[{"href":"https:\/\/impactomaquinas.com.br\/en\/wp-json\/wp\/v2\/pages\/633","targetHints":{"allow":["GET"]}}],"collection":[{"href":"https:\/\/impactomaquinas.com.br\/en\/wp-json\/wp\/v2\/pages"}],"about":[{"href":"https:\/\/impactomaquinas.com.br\/en\/wp-json\/wp\/v2\/types\/page"}],"author":[{"embeddable":true,"href":"https:\/\/impactomaquinas.com.br\/en\/wp-json\/wp\/v2\/users\/1"}],"replies":[{"embeddable":true,"href":"https:\/\/impactomaquinas.com.br\/en\/wp-json\/wp\/v2\/comments?post=633"}],"version-history":[{"count":68,"href":"https:\/\/impactomaquinas.com.br\/en\/wp-json\/wp\/v2\/pages\/633\/revisions"}],"predecessor-version":[{"id":4438,"href":"https:\/\/impactomaquinas.com.br\/en\/wp-json\/wp\/v2\/pages\/633\/revisions\/4438"}],"wp:attachment":[{"href":"https:\/\/impactomaquinas.com.br\/en\/wp-json\/wp\/v2\/media?parent=633"}],"curies":[{"name":"wp","href":"https:\/\/api.w.org\/{rel}","templated":true}]}}