{"id":641,"date":"2016-12-16T09:51:43","date_gmt":"2016-12-16T09:51:43","guid":{"rendered":"http:\/\/localhost\/buildpro\/?page_id=641"},"modified":"2016-12-16T09:51:43","modified_gmt":"2016-12-16T09:51:43","slug":"home-12","status":"publish","type":"page","link":"https:\/\/impactomaquinas.com.br\/es\/home-12\/","title":{"rendered":"Home 12"},"content":{"rendered":"<div class=\"wpb-content-wrapper\"><section data-stellar-background-ratio=\".2\" class=\"vc_rows wpb_row vc_row-fluid full-height text-center vc_custom_1482138578870 vc_row-has-fill parallax\"><div class=\"container\"><div class=\"row\"><div class=\"wpb_column vc_column_container vc_col-sm-12\"><div class=\"vc_column-inner\"><div class=\"wpb_wrapper\">\n\t    <div class=\"center-y\">\n\t    <div class=\"spacer-double\"><\/div>\n\t\t<div class=\"spacer-double\"><\/div>\n\t    <div class=\"teaser-text id-color\">\n\t        Awards Winning Construction Company\t    <\/div>\n\t    <div class=\"spacer-single\"><\/div>\n\t    <div class=\"text-slider med-text border-deco\">\n\t    \t\t        <div class=\"text-item\">General Construction<span class=\"id-color\">.<\/span><\/div>\n\t        \t        <div class=\"text-item\">Design &amp; Build<span class=\"id-color\">.<\/span><\/div>\n\t        \t        <div class=\"text-item\">Special Projects<span class=\"id-color\">.<\/span><\/div>\n\t        \t    <\/div>\n\t    <div class=\"spacer-single\"><\/div>\n\t    <div class=\"spacer-half\"><\/div>\n\t    \t<\/div>\n    \n        <a href=\"#about\" class=\"scroll-to\">\n        <span class=\"mouse fadeScroll relative\" data-scroll-speed=\"2\">\n            <span class=\"scroll\"><\/span>\n        <\/span>\n    <\/a>\n        \t\n<\/div><\/div><\/div><\/div><\/div><div class=\"clearfix\"><\/div><\/section><section id=\"about\" class=\"vc_rows wpb_row vc_row-fluid\"><div class=\"container\"><div class=\"row\"><div class=\"wpb_column vc_column_container vc_col-sm-12 vc_col-md-4\"><div class=\"vc_column-inner\"><div class=\"wpb_wrapper\">\n\t<figure class=\"pic-hover hover-scale\">\n        <span class=\"center-xy\">\n        \t            <a class=\"popup-vimeo\" href=\"\">\n                <i class=\"fa fa-image btn-action btn-action-hide\"><\/i>\n            <\/a>\n                    <\/span>\n        <span class=\"bg-overlay\"><\/span>            <\/figure>\n\n    <h3 class=\"\">Planning<\/h3>\n    <p>\n        For the successful execution of a project, effective planning is essential. Those involved with the design and execution of the infrastructure in question must consider zoning requirements.\t<br>\n\t\t<a class=\"read_more mt10\" href=\"#\" target=\"_self\">read more <i class=\"fa fa-chevron-right id-color\"><\/i><\/a>    <\/p>\n    \t\n<\/div><\/div><\/div><div class=\"wpb_column vc_column_container vc_col-sm-12 vc_col-md-4\"><div class=\"vc_column-inner\"><div class=\"wpb_wrapper\">\n\t<figure class=\"pic-hover hover-scale\">\n        <span class=\"center-xy\">\n        \t            <a class=\"popup-vimeo\" href=\"\">\n                <i class=\"fa fa-image btn-action btn-action-hide\"><\/i>\n            <\/a>\n                    <\/span>\n        <span class=\"bg-overlay\"><\/span>            <\/figure>\n\n    <h3 class=\"\">Constructing<\/h3>\n    <p>\n        A construction project must fit into the legal framework governing the property. These include governmental regulations on the use of property and obligations that are created in the process of construction.\t<br>\n\t\t<a class=\"read_more mt10\" href=\"#\" target=\"_self\">read more <i class=\"fa fa-chevron-right id-color\"><\/i><\/a>    <\/p>\n    \t\n<\/div><\/div><\/div><div class=\"wpb_column vc_column_container vc_col-sm-12 vc_col-md-4\"><div class=\"vc_column-inner\"><div class=\"wpb_wrapper\">\n\t<figure class=\"pic-hover hover-scale\">\n        <span class=\"center-xy\">\n        \t            <a class=\"popup-vimeo\" href=\"\">\n                <i class=\"fa fa-image btn-action btn-action-hide\"><\/i>\n            <\/a>\n                    <\/span>\n        <span class=\"bg-overlay\"><\/span>            <\/figure>\n\n    <h3 class=\"\">Rebuilding<\/h3>\n    <p>\n        Our team ensure the building continues to operate in accordance with its design, including replacing elements which are approaching the end of their useful life to make it effective and functioning.\t<br>\n\t\t<a class=\"read_more mt10\" href=\"#\" target=\"_self\">read more <i class=\"fa fa-chevron-right id-color\"><\/i><\/a>    <\/p>\n    \t\n<\/div><\/div><\/div><\/div><\/div><div class=\"clearfix\"><\/div><\/section><section class=\"vc_rows wpb_row vc_row-fluid bg-color\"><div class=\"container\"><div class=\"row\"><div class=\"wpb_column vc_column_container vc_col-sm-3\"><div class=\"vc_column-inner\"><div class=\"wpb_wrapper\">\t\n\t<div class=\"de_count\">\n                <h3 class=\"timer\" data-to=\"8350\" data-speed=\"2500\">0<\/h3>\n        <span>Hours of Works<\/span>\n    <\/div>\n  \t\n<\/div><\/div><\/div><div class=\"wpb_column vc_column_container vc_col-sm-3\"><div class=\"vc_column-inner\"><div class=\"wpb_wrapper\">\t\n\t<div class=\"de_count\">\n                <h3 class=\"timer\" data-to=\"240\" data-speed=\"2500\">0<\/h3>\n        <span>Projects Complete<\/span>\n    <\/div>\n  \t\n<\/div><\/div><\/div><div class=\"wpb_column vc_column_container vc_col-sm-3\"><div class=\"vc_column-inner\"><div class=\"wpb_wrapper\">\t\n\t<div class=\"de_count\">\n                <h3 class=\"timer\" data-to=\"852\" data-speed=\"2500\">0<\/h3>\n        <span>Slice of Pizza<\/span>\n    <\/div>\n  \t\n<\/div><\/div><\/div><div class=\"wpb_column vc_column_container vc_col-sm-3\"><div class=\"vc_column-inner\"><div class=\"wpb_wrapper\">\t\n\t<div class=\"de_count\">\n                <h3 class=\"timer\" data-to=\"615\" data-speed=\"2500\">0<\/h3>\n        <span>Cups of Coffee<\/span>\n    <\/div>\n  \t\n<\/div><\/div><\/div><\/div><\/div><div class=\"clearfix\"><\/div><\/section><section class=\"vc_rows wpb_row vc_row-fluid\"><div class=\"container\"><div class=\"row\"><div class=\"wpb_column vc_column_container vc_col-sm-12\"><div class=\"vc_column-inner\"><div class=\"wpb_wrapper\">\n\t<div class=\"wpb_text_column wpb_content_element vc_custom_1481882380423\" >\n\t\t<div class=\"wpb_wrapper\">\n\t\t\t<h2>Why Choose Us <span class=\"tiny-border\">x<\/span><\/h2>\n\n\t\t<\/div>\n\t<\/div>\n<\/div><\/div><\/div><div class=\"wpb_column vc_column_container vc_col-sm-12 vc_col-md-4\"><div class=\"vc_column-inner\"><div class=\"wpb_wrapper\">\n\t\t<div class=\"feature-box-small-icon\">\n        <span class=\"icon\">\n        \t<i class=\"icon_box-checked id-color\"><\/i>\n        <\/span>\n        <div class=\"text\">\n            <h3>Professional Staff<\/h3>\n            Sed ut perspiciatis unde omnis iste natus error sit voluptatem accusantium doloremque laudantium.        <\/div>\n    <\/div>\n    \n<div class=\"vc_empty_space\"   style=\"height: 30px\"><span class=\"vc_empty_space_inner\"><\/span><\/div>\n\t\t<div class=\"feature-box-small-icon\">\n        <span class=\"icon\">\n        \t<i class=\"icon_box-checked id-color\"><\/i>\n        <\/span>\n        <div class=\"text\">\n            <h3> On Time Completion<\/h3>\n            Sed ut perspiciatis unde omnis iste natus error sit voluptatem accusantium doloremque laudantium.        <\/div>\n    <\/div>\n    \n<\/div><\/div><\/div><div class=\"wpb_column vc_column_container vc_col-sm-12 vc_col-md-4\"><div class=\"vc_column-inner\"><div class=\"wpb_wrapper\">\n\t\t<div class=\"feature-box-small-icon\">\n        <span class=\"icon\">\n        \t<i class=\"icon_box-checked id-color\"><\/i>\n        <\/span>\n        <div class=\"text\">\n            <h3>Save Time and Money<\/h3>\n            Sed ut perspiciatis unde omnis iste natus error sit voluptatem accusantium doloremque laudantium.        <\/div>\n    <\/div>\n    \n<div class=\"vc_empty_space\"   style=\"height: 30px\"><span class=\"vc_empty_space_inner\"><\/span><\/div>\n\t\t<div class=\"feature-box-small-icon\">\n        <span class=\"icon\">\n        \t<i class=\"icon_box-checked id-color\"><\/i>\n        <\/span>\n        <div class=\"text\">\n            <h3>No Hidden Cost<\/h3>\n            Sed ut perspiciatis unde omnis iste natus error sit voluptatem accusantium doloremque laudantium.        <\/div>\n    <\/div>\n    \n<\/div><\/div><\/div><div class=\"wpb_column vc_column_container vc_col-sm-12 vc_col-md-4\"><div class=\"vc_column-inner\"><div class=\"wpb_wrapper\">\n\t\t<div class=\"feature-box-small-icon\">\n        <span class=\"icon\">\n        \t<i class=\"icon_box-checked id-color\"><\/i>\n        <\/span>\n        <div class=\"text\">\n            <h3>Detailed Estimated<\/h3>\n            Sed ut perspiciatis unde omnis iste natus error sit voluptatem accusantium doloremque laudantium.        <\/div>\n    <\/div>\n    \n<div class=\"vc_empty_space\"   style=\"height: 30px\"><span class=\"vc_empty_space_inner\"><\/span><\/div>\n\t\t<div class=\"feature-box-small-icon\">\n        <span class=\"icon\">\n        \t<i class=\"icon_box-checked id-color\"><\/i>\n        <\/span>\n        <div class=\"text\">\n            <h3>Zero Complaints<\/h3>\n            Sed ut perspiciatis unde omnis iste natus error sit voluptatem accusantium doloremque laudantium.        <\/div>\n    <\/div>\n    \n<\/div><\/div><\/div><\/div><\/div><div class=\"clearfix\"><\/div><\/section><section class=\"vc_rows wpb_row vc_row-fluid vc_custom_1481883255891 vc_row-has-fill\"><div class=\"container\"><div class=\"row\"><div class=\"wpb_column vc_column_container vc_col-sm-12\"><div class=\"vc_column-inner\"><div class=\"wpb_wrapper\">\n\t<div class=\"wpb_text_column wpb_content_element\" >\n\t\t<div class=\"wpb_wrapper\">\n\t\t\t<h2>Recent Works <span class=\"tiny-border\">x<\/span><\/h2>\n\n\t\t<\/div>\n\t<\/div>\n\n\t\t<div class=\"container project-filter\">\n\n        <!-- portfolio filter begin -->\n        <div class=\"row\">\n        \t            <div class=\"col-md-12\">\n                <ul id=\"filters\">\n                \t\t\t\t      \t<li><a href=\"#\" data-filter=\".classificadores\">Clasificadores<\/a><\/li>\n\t\t\t    \t\t\t\t      \t<li><a href=\"#\" data-filter=\".desgradeadores\">Desapilador<\/a><\/li>\n\t\t\t    \t\t\t\t      \t<li><a href=\"#\" data-filter=\".empacotamento\">Empaquetar<\/a><\/li>\n\t\t\t    \t\t\t\t      \t<li><a href=\"#\" data-filter=\".esteiras\">Esteras<\/a><\/li>\n\t\t\t    \t\t\t\t      \t<li><a href=\"#\" data-filter=\".gradeadores\">Apiladores<\/a><\/li>\n\t\t\t    \t\t\t\t      \t<li><a href=\"#\" data-filter=\".agro\">M\u00e1quinas Agr\u00edcolas<\/a><\/li>\n\t\t\t    \t\t\t\t      \t<li><a href=\"#\" data-filter=\".serraria\">Aserradero<\/a><\/li>\n\t\t\t    \t                    <li class=\"pull-right\"><a href=\"#\" data-filter=\"*\" class=\"selected\">All Projects<\/a><\/li>\n                <\/ul>\n            <\/div>\n                    <\/div>\n        <!-- portfolio filter close -->\n\n    <\/div>\n    \n\t<div id=\"gallery\" class=\"gallery full-gallery de-gallery pf_full_width pf_3_cols gallery_border\">\n\n                <div class=\"item agro\">\n            <div class=\"picframe\">\n            \t                <a href=\"https:\/\/impactomaquinas.com.br\/es\/portfolio\/impacttus-20000-12000-e-8000\/\">\n                                    <span class=\"overlay\">\n                        <span class=\"pf_text\">\n                            <span class=\"project-name\">Distribuidor Impacttus 20000, 12000 e 8000<\/span>\n                        <\/span>\n                    <\/span>\n                <\/a>\n                <img decoding=\"async\" src=\"https:\/\/impactomaquinas.com.br\/wp-content\/uploads\/2025\/01\/IMG_20240814_163214462_HDR-scaled.jpg\" alt=\"\" \/>\n            <\/div>\n        <\/div>\n                <div class=\"item serraria\">\n            <div class=\"picframe\">\n            \t                <a href=\"https:\/\/impactomaquinas.com.br\/es\/portfolio\/destopadeira-com-unitizador\/\">\n                                    <span class=\"overlay\">\n                        <span class=\"pf_text\">\n                            <span class=\"project-name\">Despuntador Con Unitizador<\/span>\n                        <\/span>\n                    <\/span>\n                <\/a>\n                <img decoding=\"async\" src=\"https:\/\/impactomaquinas.com.br\/wp-content\/uploads\/2021\/02\/Untitled-e1614894847689.png\" alt=\"\" \/>\n            <\/div>\n        <\/div>\n                <div class=\"item esteiras\">\n            <div class=\"picframe\">\n            \t                <a href=\"https:\/\/impactomaquinas.com.br\/es\/portfolio\/esteiras-transporte\/\">\n                                    <span class=\"overlay\">\n                        <span class=\"pf_text\">\n                            <span class=\"project-name\">Estera Transportadora<\/span>\n                        <\/span>\n                    <\/span>\n                <\/a>\n                <img decoding=\"async\" src=\"https:\/\/impactomaquinas.com.br\/wp-content\/uploads\/2021\/02\/ESTEIRA-DE-CORRENTE-3-e1614111704865.png\" alt=\"\" \/>\n            <\/div>\n        <\/div>\n                <div class=\"item esteiras\">\n            <div class=\"picframe\">\n            \t                <a href=\"https:\/\/impactomaquinas.com.br\/es\/portfolio\/esteira-roletada-com-centrador\/\">\n                                    <span class=\"overlay\">\n                        <span class=\"pf_text\">\n                            <span class=\"project-name\">Esteira Roletada com Centrador<\/span>\n                        <\/span>\n                    <\/span>\n                <\/a>\n                <img decoding=\"async\" src=\"https:\/\/impactomaquinas.com.br\/wp-content\/uploads\/2021\/02\/roletada-centrador-3-e1614108855912.png\" alt=\"\" \/>\n            <\/div>\n        <\/div>\n                <div class=\"item empacotamento\">\n            <div class=\"picframe\">\n            \t                <a href=\"https:\/\/impactomaquinas.com.br\/es\/portfolio\/prensa\/\">\n                                    <span class=\"overlay\">\n                        <span class=\"pf_text\">\n                            <span class=\"project-name\">Prensa<\/span>\n                        <\/span>\n                    <\/span>\n                <\/a>\n                <img decoding=\"async\" src=\"https:\/\/impactomaquinas.com.br\/wp-content\/uploads\/2021\/02\/PRENSA-2-e1614030332656.png\" alt=\"\" \/>\n            <\/div>\n        <\/div>\n                <div class=\"item serraria\">\n            <div class=\"picframe\">\n            \t                <a href=\"https:\/\/impactomaquinas.com.br\/es\/portfolio\/dogueira\/\">\n                                    <span class=\"overlay\">\n                        <span class=\"pf_text\">\n                            <span class=\"project-name\">Despuntador \/ Doguera<\/span>\n                        <\/span>\n                    <\/span>\n                <\/a>\n                <img decoding=\"async\" src=\"https:\/\/impactomaquinas.com.br\/wp-content\/uploads\/2021\/02\/DOGUEIRA-1-e1614020199634.png\" alt=\"\" \/>\n            <\/div>\n        <\/div>\n        \n    <\/div>\n\n        <style type=\"text\/css\">\n\t    .pf_full_width.gallery_border .picframe,\n\t    .gallery_border{\n\t    \tmargin: 15px;\n\t    }\n\t    .gallery_border{\n\t    \tmargin-top: -15px;\n\t    }\n\t    .container .gallery_border{\n\t    \tmargin-left: -15px;;\n\t    \tmargin-right: -15px;;\n\t    }\n    <\/style>\n    \n<\/div><\/div><\/div><\/div><\/div><div class=\"clearfix\"><\/div><\/section><section data-stellar-background-ratio=\".2\" class=\"vc_rows wpb_row vc_row-fluid vc_custom_1481883225698 vc_row-has-fill vc_row-o-equal-height vc_row-o-content-middle vc_row-flex parallax\"><div class=\"container\"><div class=\"row\"><div class=\"text-light wpb_column vc_column_container vc_col-sm-12 vc_col-md-6\"><div class=\"vc_column-inner\"><div class=\"wpb_wrapper\">\n\t<div class=\"wpb_text_column wpb_content_element vc_custom_1481860683778\" >\n\t\t<div class=\"wpb_wrapper\">\n\t\t\t<h2><span style=\"color: #ffffff;\">What They Says <span class=\"tiny-border\">x<\/span><\/span><\/h2>\n\n\t\t<\/div>\n\t<\/div>\n\n\t<div class=\"testimonial-list wow fadeIn text-light\" data-wow-delay=\".25s\">\n\t\t        <div class=\"testi-item\">\n        \tThey were so friendly and it was pleasure to get my tasks done. I'm very happy with services their provided. I will recommend this company to my family and friends. Their works is professional and their pricing was competitive.\t\t\t<span>Alex, Customer<\/span>\n        <\/div>\n                <div class=\"testi-item\">\n        \tA wonderful works, Thank you! The best construction company in town as it proved by quality of works and services. Their services make my feel so special. I always enjoy coming here, i would definitely return for future projects.\t\t\t<span>Ben, Customer<\/span>\n        <\/div>\n            <\/div>\n\n<\/div><\/div><\/div><div class=\"wpb_column vc_column_container vc_col-sm-12 vc_col-md-6\"><div class=\"vc_column-inner\"><div class=\"wpb_wrapper\">\t<figure class=\"pic-hover hover-scale\">\n        <span class=\"center-xy\">\n            <a class=\"popup-vimeo\" href=\"https:\/\/www.youtube.com\/watch?v=rwvmru5JmXk\">\n                <i class=\"fa fa-play btn-play btn-action\"><\/i>\n            <\/a>\n        <\/span>\n        <span class=\"bg-overlay\"><\/span>\n        <img fetchpriority=\"high\" decoding=\"async\" width=\"800\" height=\"510\" src=\"https:\/\/impactomaquinas.com.br\/wp-content\/uploads\/2016\/12\/pic_9-1.jpg\" class=\"img-responsive\" alt=\"\" srcset=\"https:\/\/impactomaquinas.com.br\/wp-content\/uploads\/2016\/12\/pic_9-1.jpg 800w, https:\/\/impactomaquinas.com.br\/wp-content\/uploads\/2016\/12\/pic_9-1-300x191.jpg 300w, https:\/\/impactomaquinas.com.br\/wp-content\/uploads\/2016\/12\/pic_9-1-768x490.jpg 768w\" sizes=\"(max-width: 800px) 100vw, 800px\" \/>    <\/figure>\n\n<\/div><\/div><\/div><\/div><\/div><div class=\"clearfix\"><\/div><\/section><section class=\"vc_rows wpb_row vc_row-fluid bg-color vc_custom_1481883294394 vc_row-has-fill\"><div class=\"container\"><div class=\"row\"><div class=\"wpb_column vc_column_container vc_col-sm-12\"><div class=\"vc_column-inner\"><div class=\"wpb_wrapper\">\n\t<div class=\"row call-to-action\">\n\t\t<div class=\"col-md-8\">\n\t        <h3 class=\"mt10\">teste espanhol<\/h3>\n\t    <\/div>\n\t    <div class=\"col-md-4 text-right\">\n\t    \t<a class=\"btn btn-line-black btn-fx\" href=\"http:\/\/demo.oceanthemes.net\/buildpro\/contact-us\/\" target=\"_self\">HIRE US NOW<\/a>\t    <\/div>\n    <\/div>\n\n<\/div><\/div><\/div><\/div><\/div><div class=\"clearfix\"><\/div><\/section>\n<\/div>","protected":false},"excerpt":{"rendered":"Equipamento desenvolvido para destopo de blocos e t\u00e1buas, ideal para a fabrica\u00e7\u00e3o de cerca americana (fencing), proporcionando cortes precisos dos dogs, fabricado de acordo com as especifica\u00e7\u00f5es de tamanho do mercado. Especifica\u00e7\u00f5es T\u00e9cnicasx Modelo Dogueira Comprimento M\u00ednimo T\u00e1bua900 mm Comprimento M\u00e1ximo T\u00e1bua3000 mm Largura M\u00e1xima T\u00e1buaconforme necessidade do cliente Espessura M\u00e1xima T\u00e1buaconforme necessidade do cliente [...]","protected":false},"author":1,"featured_media":0,"parent":0,"menu_order":0,"comment_status":"closed","ping_status":"closed","template":"page-templates\/template-canvas.php","meta":{"_seopress_robots_primary_cat":"","_seopress_titles_title":"","_seopress_titles_desc":"","_seopress_robots_index":"","_joinchat":[],"footnotes":""},"class_list":["post-641","page","type-page","status-publish","hentry"],"_links":{"self":[{"href":"https:\/\/impactomaquinas.com.br\/es\/wp-json\/wp\/v2\/pages\/641","targetHints":{"allow":["GET"]}}],"collection":[{"href":"https:\/\/impactomaquinas.com.br\/es\/wp-json\/wp\/v2\/pages"}],"about":[{"href":"https:\/\/impactomaquinas.com.br\/es\/wp-json\/wp\/v2\/types\/page"}],"author":[{"embeddable":true,"href":"https:\/\/impactomaquinas.com.br\/es\/wp-json\/wp\/v2\/users\/1"}],"replies":[{"embeddable":true,"href":"https:\/\/impactomaquinas.com.br\/es\/wp-json\/wp\/v2\/comments?post=641"}],"version-history":[{"count":0,"href":"https:\/\/impactomaquinas.com.br\/es\/wp-json\/wp\/v2\/pages\/641\/revisions"}],"wp:attachment":[{"href":"https:\/\/impactomaquinas.com.br\/es\/wp-json\/wp\/v2\/media?parent=641"}],"curies":[{"name":"wp","href":"https:\/\/api.w.org\/{rel}","templated":true}]}}